{"id":40418,"date":"2026-02-04T12:22:19","date_gmt":"2026-02-04T12:22:19","guid":{"rendered":"https:\/\/javac.eu\/?post_type=product&#038;p=40418"},"modified":"2026-02-04T12:33:13","modified_gmt":"2026-02-04T12:33:13","slug":"lpg-generator-1500-tpm","status":"publish","type":"product","link":"https:\/\/javac.eu\/fr\/produit\/lpg-generator-1500-tpm\/","title":{"rendered":"G\u00e9n\u00e9rateur GPL 1500 TPM"},"content":{"rendered":"<h2><strong>Tous les avantages du puissant groupe \u00e9lectrog\u00e8ne LPG Javac JVC-200GF :<\/strong><\/h2>\n<p>1) Faibles co\u00fbts d'exploitation et de maintenance....<br \/>\n2) Dur\u00e9e de vie plus longue de la machine : le moteur de conception sp\u00e9ciale a une dur\u00e9e de vie plus longue, avec un temps de r\u00e9vision de 15 000 heures.<br \/>\n3) Simplicit\u00e9 d'utilisation : le g\u00e9n\u00e9rateur d'\u00e9lectricit\u00e9 \u00e0 gaz est facile \u00e0 utiliser.<br \/>\n4) Le g\u00e9n\u00e9rateur d'\u00e9lectricit\u00e9 \u00e0 gaz utilise la technologie la plus avanc\u00e9e de combustion pauvre pour un rendement \u00e9lev\u00e9.<br \/>\n5) Les principaux composants tels que l'ECU, le m\u00e9langeur de gaz, le r\u00e9gulateur de pression, etc. proviennent des \u00c9tats-Unis et d'Italie.<\/p>\n<p><strong>Le moteur :<\/strong><br \/>\nNotre g\u00e9n\u00e9rateur GPL Javac a la meilleure performance en termes de co\u00fbt, le moteur biogaz allemand MAN avec une haute efficacit\u00e9, un faible niveau de bruit, un fonctionnement stable avec des caract\u00e9ristiques importantes, convenant \u00e0 la production de biogaz agricole, \u00e0 la production de biogaz de d\u00e9charge, \u00e0 la production de gaz, etc.<br \/>\nLe g\u00e9n\u00e9rateur de gaz MAN, avec une grande efficacit\u00e9 dans la production d'\u00e9lectricit\u00e9, peut \u00eatre utilis\u00e9 pour la production de biogaz, la production d'\u00e9lectricit\u00e9 \u00e0 partir de CBM, la production de gaz naturel, etc.<br \/>\nLe MAN pr\u00e9sente le meilleur rendement, une puissance \u00e9lev\u00e9e, des \u00e9missions r\u00e9duites et un faible co\u00fbt sur la dur\u00e9e de vie (LCC).<br \/>\nL'avantage du moteur \u00e0 gaz MAN :<br \/>\n1) L'efficacit\u00e9 \u00e9lectrique des machines humaines peut atteindre 39%, et plus de 32% pour les m\u00e9nages, ce qui pr\u00e9sente un grand avantage, une grande efficacit\u00e9 dans la production d'\u00e9lectricit\u00e9, mais le m\u00eame gaz \u00e9met plus d'\u00e9lectricit\u00e9.<br \/>\n2) La vitesse de mise en ligne peut atteindre 8 300 heures par an. Une vitesse de mise en ligne \u00e9lev\u00e9e signifie moins de temps d'arr\u00eat, moins de d\u00e9chets de gaz m\u00e9thane et plus de production d'\u00e9lectricit\u00e9.<br \/>\nUn taux en ligne \u00e9lev\u00e9 est un facteur important de r\u00e9duction des co\u00fbts.<br \/>\n3) Lorsque le gaz est pur, ou lorsque le gaz est trait\u00e9, la p\u00e9riode de r\u00e9vision de l'unit\u00e9 peut \u00eatre de 50 000 ~ 60 000 heures.<br \/>\nLe long cycle de r\u00e9vision permet de r\u00e9duire la fr\u00e9quence des arr\u00eats prolong\u00e9s, de diminuer le gaspillage de gaz et d'augmenter la production d'\u00e9lectricit\u00e9.<br \/>\n4) La p\u00e9riode de vidange est plus longue (900 heures), le biogaz contient des traces d'\u00e9l\u00e9ments corrosifs, ce qui entra\u00eene une contamination de l'huile, la consommation est plus \u00e9lev\u00e9e que lors de l'utilisation du gaz naturel, l'huile est une sorte de consommable principal, elle repr\u00e9sente une certaine part des co\u00fbts d'exploitation.<br \/>\nLa diff\u00e9rence de consommation de carburant entre les diff\u00e9rentes marques est significative.<br \/>\n5) Co\u00fbt \u00e9lev\u00e9, l'unit\u00e9 est un \u00e9quipement important et pr\u00e9cieux, qui devrait \u00eatre plus important qu'une \u00e9valuation compl\u00e8te \u00e0 long terme.<br \/>\nLa performance en mati\u00e8re de co\u00fbts globaux est plus importante que le prix.<\/p>","protected":false},"excerpt":{"rendered":"<ul>\n<li>Puissant moteur \u00e0 gaz MAN<\/li>\n<li>Alternateur sans balais Stamford avec AVR<\/li>\n<li>Contr\u00f4leur Deepsea DSE7320<\/li>\n<li>Cadre de base en acier avec amortisseur de chocs<\/li>\n<li>R\u00e9gulateur de pression de gaz de haute qualit\u00e9<\/li>\n<li>Syst\u00e8me d'allumage avanc\u00e9<\/li>\n<li>M\u00e9langeur air-carburant<\/li>\n<li>R\u00e9gulateur de vitesse \u00e9lectronique stable<\/li>\n<li>Pare-flammes puissant<\/li>\n<li>Syst\u00e8me antid\u00e9flagrant s\u00fbr<\/li>\n<li>MCCB, ventilateur de radiateur, \u00e9chappement, filtre \u00e0 air<\/li>\n<li>2*12V batteries de d\u00e9marrage sans entretien<\/li>\n<li>Accessoires d'installation, kit d'outils et manuels<\/li>\n<\/ul>","protected":false},"featured_media":40419,"comment_status":"open","ping_status":"closed","template":"","meta":{"_acf_changed":false,"_gspb_post_css":""},"product_brand":[],"product_cat":[66],"product_tag":[],"class_list":{"0":"post-40418","1":"product","2":"type-product","3":"status-publish","4":"has-post-thumbnail","6":"product_cat-gasgenerator","8":"first","9":"instock","10":"taxable","11":"shipping-taxable","12":"product-type-simple"},"acf":[],"_links":{"self":[{"href":"https:\/\/javac.eu\/fr\/wp-json\/wp\/v2\/product\/40418","targetHints":{"allow":["GET"]}}],"collection":[{"href":"https:\/\/javac.eu\/fr\/wp-json\/wp\/v2\/product"}],"about":[{"href":"https:\/\/javac.eu\/fr\/wp-json\/wp\/v2\/types\/product"}],"replies":[{"embeddable":true,"href":"https:\/\/javac.eu\/fr\/wp-json\/wp\/v2\/comments?post=40418"}],"wp:featuredmedia":[{"embeddable":true,"href":"https:\/\/javac.eu\/fr\/wp-json\/wp\/v2\/media\/40419"}],"wp:attachment":[{"href":"https:\/\/javac.eu\/fr\/wp-json\/wp\/v2\/media?parent=40418"}],"wp:term":[{"taxonomy":"product_brand","embeddable":true,"href":"https:\/\/javac.eu\/fr\/wp-json\/wp\/v2\/product_brand?post=40418"},{"taxonomy":"product_cat","embeddable":true,"href":"https:\/\/javac.eu\/fr\/wp-json\/wp\/v2\/product_cat?post=40418"},{"taxonomy":"product_tag","embeddable":true,"href":"https:\/\/javac.eu\/fr\/wp-json\/wp\/v2\/product_tag?post=40418"}],"curies":[{"name":"wp","href":"https:\/\/api.w.org\/{rel}","templated":true}]}}