{"id":3918,"date":"2022-03-05T16:20:58","date_gmt":"2022-03-05T16:20:58","guid":{"rendered":"https:\/\/javac.eu\/?post_type=product&#038;p=3918"},"modified":"2026-02-04T12:37:52","modified_gmt":"2026-02-04T12:37:52","slug":"astor-320-400","status":"publish","type":"product","link":"https:\/\/javac.eu\/fr\/produit\/astor-320-400\/","title":{"rendered":"ASTOR 320 - 400"},"content":{"rendered":"<p>Nos postes de soudage TIG Astor assurent une productivit\u00e9 TIG maximale.<\/p>\n<p>Nos postes de soudage TIG refroidis \u00e0 l\u2019eau sont construits autour d\u2019un chariot \u00e0 bouteilles robuste avec un empattement robuste, avec un refroidissement par eau int\u00e9gr\u00e9 au bas de la source d\u2019alimentation, ce qui les rend pratiquement mobiles et donc flexibles \u00e0 utiliser autour de la pi\u00e8ce.\nLe contr\u00f4le num\u00e9rique du logiciel est construit de mani\u00e8re synergique afin que le r\u00e9sultat de soudage soit optimal m\u00eame pour les soudeurs moins qualifi\u00e9s.\nLa fr\u00e9quence d\u2019impulsion peut \u00eatre r\u00e9gl\u00e9e en continu jusqu\u2019\u00e0 2 KHz.<\/p>\n<p>Cette machine dispose \u00e9galement de 99 m\u00e9moires librement programmables, qui peuvent \u00eatre facilement rappel\u00e9es.\nLe soudage MMA avec \u00e9lectrodes est possible et est \u00e9quip\u00e9 d\u2019un contr\u00f4le de d\u00e9marrage \u00e0 chaud, antiadh\u00e9sif et ARC-Force.\nAide \u00e0 l\u2019allumage et emp\u00eache le collage des \u00e9lectrodes, augmente la stabilit\u00e9 de l\u2019arc et optimise le transfert de mati\u00e8re.\nEn option, vous pouvez choisir une t\u00e9l\u00e9commande pour augmenter la flexibilit\u00e9 sur le lieu de travail.\nNos appareils Tig refroidis \u00e0 l\u2019eau Astor peuvent \u00eatre utilis\u00e9s sur courant alternatif et continu, de sorte que le soudage de l\u2019aluminium n\u2019est plus un probl\u00e8me dans votre atelier.\nLes param\u00e8tres de soudage sont faciles \u00e0 r\u00e9gler sur l\u2019affichage num\u00e9rique, tout comme la connexion pour la t\u00e9l\u00e9commande.\nLes caract\u00e9ristiques techniques et les r\u00e9glages se trouvent sur la fiche technique.\nEn standard, ces machines sont fournies avec une torche adapt\u00e9e refroidie \u00e0 l\u2019eau en n\u00e9opr\u00e8ne souple, d\u2019une longueur de 8 m\u00e8tres.<\/p>","protected":false},"excerpt":{"rendered":"<ul>\n<li>Faible poids et taille compacte<\/li>\n<li>Choix entre HF et lift arc<\/li>\n<li>Alle Ferro en non ferro metalen<\/li>\n<li>Excellentes propri\u00e9t\u00e9s de soudage<\/li>\n<li>Semi-conducteurs Siemens<\/li>\n<li>Technologie PFC = haute puissance \u00e0 220 V<\/li>\n<li>Puls en pouls mixte<\/li>\n<li>Avec 9 m\u00e9moires de soudage<\/li>\n<\/ul>","protected":false},"featured_media":39307,"comment_status":"open","ping_status":"closed","template":"","meta":{"_acf_changed":false,"_gspb_post_css":""},"product_brand":[],"product_cat":[53],"product_tag":[],"class_list":{"0":"post-3918","1":"product","2":"type-product","3":"status-publish","4":"has-post-thumbnail","6":"product_cat-tig-acdc","7":"product_shipping_class-medium-machines-en","9":"first","10":"instock","11":"taxable","12":"shipping-taxable","13":"purchasable","14":"product-type-variable"},"acf":[],"_links":{"self":[{"href":"https:\/\/javac.eu\/fr\/wp-json\/wp\/v2\/product\/3918","targetHints":{"allow":["GET"]}}],"collection":[{"href":"https:\/\/javac.eu\/fr\/wp-json\/wp\/v2\/product"}],"about":[{"href":"https:\/\/javac.eu\/fr\/wp-json\/wp\/v2\/types\/product"}],"replies":[{"embeddable":true,"href":"https:\/\/javac.eu\/fr\/wp-json\/wp\/v2\/comments?post=3918"}],"wp:featuredmedia":[{"embeddable":true,"href":"https:\/\/javac.eu\/fr\/wp-json\/wp\/v2\/media\/39307"}],"wp:attachment":[{"href":"https:\/\/javac.eu\/fr\/wp-json\/wp\/v2\/media?parent=3918"}],"wp:term":[{"taxonomy":"product_brand","embeddable":true,"href":"https:\/\/javac.eu\/fr\/wp-json\/wp\/v2\/product_brand?post=3918"},{"taxonomy":"product_cat","embeddable":true,"href":"https:\/\/javac.eu\/fr\/wp-json\/wp\/v2\/product_cat?post=3918"},{"taxonomy":"product_tag","embeddable":true,"href":"https:\/\/javac.eu\/fr\/wp-json\/wp\/v2\/product_tag?post=3918"}],"curies":[{"name":"wp","href":"https:\/\/api.w.org\/{rel}","templated":true}]}}